{"id":1987,"date":"2025-06-23T19:10:30","date_gmt":"2025-06-23T19:10:30","guid":{"rendered":"https:\/\/usinox.imdigrafic.com\/?post_type=product&#038;p=1987"},"modified":"2025-06-23T19:10:42","modified_gmt":"2025-06-23T19:10:42","slug":"balanza-digital-60-kg-b-60vapro","status":"publish","type":"product","link":"https:\/\/usinox.imdigrafic.com\/index.php\/producto\/balanza-digital-60-kg-b-60vapro\/","title":{"rendered":"Balanza digital 60 kg. B-60VAPRO"},"content":{"rendered":"<p>Balanza digital para m\u00e1ximo de 60 kg.<br \/>\nPantalla Led\/Lcd + luz, con indicador de precio. Visor a\u00e9reo incluido.<br \/>\nFuncionamiento con bater\u00eda recargable. Plataforma de acero inoxidable. Display de nivelaci\u00f3n. F\u00e1cil de usar graduaci\u00f3n m\u00ednima de 10 grs<\/p>\n","protected":false},"excerpt":{"rendered":"<p>Balanza digital para m\u00e1ximo de 60 kg.<br \/>\nPantalla Led\/Lcd + luz, con indicador de precio. Visor a\u00e9reo incluido.<br \/>\nFuncionamiento con bater\u00eda recargable. Plataforma de acero inoxidable. Display de nivelaci\u00f3n. F\u00e1cil de usar graduaci\u00f3n m\u00ednima de 10 grs<\/p>\n","protected":false},"featured_media":2043,"comment_status":"open","ping_status":"closed","template":"","meta":{"site-sidebar-layout":"default","site-content-layout":"","ast-site-content-layout":"default","site-content-style":"default","site-sidebar-style":"default","ast-global-header-display":"","ast-banner-title-visibility":"","ast-main-header-display":"","ast-hfb-above-header-display":"","ast-hfb-below-header-display":"","ast-hfb-mobile-header-display":"","site-post-title":"","ast-breadcrumbs-content":"","ast-featured-img":"","footer-sml-layout":"","theme-transparent-header-meta":"","adv-header-id-meta":"","stick-header-meta":"","header-above-stick-meta":"","header-main-stick-meta":"","header-below-stick-meta":"","astra-migrate-meta-layouts":"default","ast-page-background-enabled":"default","ast-page-background-meta":{"desktop":{"background-color":"var(--ast-global-color-5)","background-image":"","background-repeat":"repeat","background-position":"center center","background-size":"auto","background-attachment":"scroll","background-type":"","background-media":"","overlay-type":"","overlay-color":"","overlay-opacity":"","overlay-gradient":""},"tablet":{"background-color":"","background-image":"","background-repeat":"repeat","background-position":"center center","background-size":"auto","background-attachment":"scroll","background-type":"","background-media":"","overlay-type":"","overlay-color":"","overlay-opacity":"","overlay-gradient":""},"mobile":{"background-color":"","background-image":"","background-repeat":"repeat","background-position":"center center","background-size":"auto","background-attachment":"scroll","background-type":"","background-media":"","overlay-type":"","overlay-color":"","overlay-opacity":"","overlay-gradient":""}},"ast-content-background-meta":{"desktop":{"background-color":"var(--ast-global-color-4)","background-image":"","background-repeat":"repeat","background-position":"center center","background-size":"auto","background-attachment":"scroll","background-type":"","background-media":"","overlay-type":"","overlay-color":"","overlay-opacity":"","overlay-gradient":""},"tablet":{"background-color":"var(--ast-global-color-4)","background-image":"","background-repeat":"repeat","background-position":"center center","background-size":"auto","background-attachment":"scroll","background-type":"","background-media":"","overlay-type":"","overlay-color":"","overlay-opacity":"","overlay-gradient":""},"mobile":{"background-color":"var(--ast-global-color-4)","background-image":"","background-repeat":"repeat","background-position":"center center","background-size":"auto","background-attachment":"scroll","background-type":"","background-media":"","overlay-type":"","overlay-color":"","overlay-opacity":"","overlay-gradient":""}}},"product_brand":[],"product_cat":[123,46],"product_tag":[],"class_list":{"0":"post-1987","1":"product","2":"type-product","3":"status-publish","4":"has-post-thumbnail","6":"product_cat-balanza","7":"product_cat-cocina-fria","8":"desktop-align-left","9":"tablet-align-left","10":"mobile-align-left","12":"first","13":"instock","14":"shipping-taxable","15":"purchasable","16":"product-type-simple"},"yoast_head":"<!-- This site is optimized with the Yoast SEO plugin v25.9 - https:\/\/yoast.com\/wordpress\/plugins\/seo\/ -->\n<title>Balanza digital 60 kg. B-60VAPRO - Heart To Heart<\/title>\n<meta name=\"robots\" content=\"index, follow, max-snippet:-1, max-image-preview:large, max-video-preview:-1\" \/>\n<link rel=\"canonical\" href=\"https:\/\/usinox.imdigrafic.com\/index.php\/producto\/balanza-digital-60-kg-b-60vapro\/\" \/>\n<meta property=\"og:locale\" content=\"es_ES\" \/>\n<meta property=\"og:type\" content=\"article\" \/>\n<meta property=\"og:title\" content=\"Balanza digital 60 kg. B-60VAPRO - Heart To Heart\" \/>\n<meta property=\"og:description\" content=\"Balanza digital para m\u00e1ximo de 60 kg. Pantalla Led\/Lcd + luz, con indicador de precio. Visor a\u00e9reo incluido. Funcionamiento con bater\u00eda recargable. Plataforma de acero inoxidable. Display de nivelaci\u00f3n. F\u00e1cil de usar graduaci\u00f3n m\u00ednima de 10 grs\" \/>\n<meta property=\"og:url\" content=\"https:\/\/usinox.imdigrafic.com\/index.php\/producto\/balanza-digital-60-kg-b-60vapro\/\" \/>\n<meta property=\"og:site_name\" content=\"Heart To Heart\" \/>\n<meta property=\"article:modified_time\" content=\"2025-06-23T19:10:42+00:00\" \/>\n<meta name=\"twitter:card\" content=\"summary_large_image\" \/>\n<script type=\"application\/ld+json\" class=\"yoast-schema-graph\">{\"@context\":\"https:\/\/schema.org\",\"@graph\":[{\"@type\":\"WebPage\",\"@id\":\"https:\/\/usinox.imdigrafic.com\/index.php\/producto\/balanza-digital-60-kg-b-60vapro\/\",\"url\":\"https:\/\/usinox.imdigrafic.com\/index.php\/producto\/balanza-digital-60-kg-b-60vapro\/\",\"name\":\"Balanza digital 60 kg. B-60VAPRO - Heart To Heart\",\"isPartOf\":{\"@id\":\"https:\/\/usinox.imdigrafic.com\/#website\"},\"primaryImageOfPage\":{\"@id\":\"https:\/\/usinox.imdigrafic.com\/index.php\/producto\/balanza-digital-60-kg-b-60vapro\/#primaryimage\"},\"image\":{\"@id\":\"https:\/\/usinox.imdigrafic.com\/index.php\/producto\/balanza-digital-60-kg-b-60vapro\/#primaryimage\"},\"thumbnailUrl\":\"https:\/\/usinox.imdigrafic.com\/wp-content\/uploads\/2025\/06\/Balanza-B60VAPRO.jpg\",\"datePublished\":\"2025-06-23T19:10:30+00:00\",\"dateModified\":\"2025-06-23T19:10:42+00:00\",\"breadcrumb\":{\"@id\":\"https:\/\/usinox.imdigrafic.com\/index.php\/producto\/balanza-digital-60-kg-b-60vapro\/#breadcrumb\"},\"inLanguage\":\"es\",\"potentialAction\":[{\"@type\":\"ReadAction\",\"target\":[\"https:\/\/usinox.imdigrafic.com\/index.php\/producto\/balanza-digital-60-kg-b-60vapro\/\"]}]},{\"@type\":\"ImageObject\",\"inLanguage\":\"es\",\"@id\":\"https:\/\/usinox.imdigrafic.com\/index.php\/producto\/balanza-digital-60-kg-b-60vapro\/#primaryimage\",\"url\":\"https:\/\/usinox.imdigrafic.com\/wp-content\/uploads\/2025\/06\/Balanza-B60VAPRO.jpg\",\"contentUrl\":\"https:\/\/usinox.imdigrafic.com\/wp-content\/uploads\/2025\/06\/Balanza-B60VAPRO.jpg\",\"width\":326,\"height\":312},{\"@type\":\"BreadcrumbList\",\"@id\":\"https:\/\/usinox.imdigrafic.com\/index.php\/producto\/balanza-digital-60-kg-b-60vapro\/#breadcrumb\",\"itemListElement\":[{\"@type\":\"ListItem\",\"position\":1,\"name\":\"Portada\",\"item\":\"https:\/\/usinox.imdigrafic.com\/\"},{\"@type\":\"ListItem\",\"position\":2,\"name\":\"Tienda\",\"item\":\"https:\/\/usinox.imdigrafic.com\/index.php\/tienda\/\"},{\"@type\":\"ListItem\",\"position\":3,\"name\":\"Balanza digital 60 kg. B-60VAPRO\"}]},{\"@type\":\"WebSite\",\"@id\":\"https:\/\/usinox.imdigrafic.com\/#website\",\"url\":\"https:\/\/usinox.imdigrafic.com\/\",\"name\":\"Heart To Heart\",\"description\":\"\",\"potentialAction\":[{\"@type\":\"SearchAction\",\"target\":{\"@type\":\"EntryPoint\",\"urlTemplate\":\"https:\/\/usinox.imdigrafic.com\/?s={search_term_string}\"},\"query-input\":{\"@type\":\"PropertyValueSpecification\",\"valueRequired\":true,\"valueName\":\"search_term_string\"}}],\"inLanguage\":\"es\"}]}<\/script>\n<!-- \/ Yoast SEO plugin. -->","yoast_head_json":{"title":"Balanza digital 60 kg. B-60VAPRO - Heart To Heart","robots":{"index":"index","follow":"follow","max-snippet":"max-snippet:-1","max-image-preview":"max-image-preview:large","max-video-preview":"max-video-preview:-1"},"canonical":"https:\/\/usinox.imdigrafic.com\/index.php\/producto\/balanza-digital-60-kg-b-60vapro\/","og_locale":"es_ES","og_type":"article","og_title":"Balanza digital 60 kg. B-60VAPRO - Heart To Heart","og_description":"Balanza digital para m\u00e1ximo de 60 kg. Pantalla Led\/Lcd + luz, con indicador de precio. Visor a\u00e9reo incluido. Funcionamiento con bater\u00eda recargable. Plataforma de acero inoxidable. Display de nivelaci\u00f3n. F\u00e1cil de usar graduaci\u00f3n m\u00ednima de 10 grs","og_url":"https:\/\/usinox.imdigrafic.com\/index.php\/producto\/balanza-digital-60-kg-b-60vapro\/","og_site_name":"Heart To Heart","article_modified_time":"2025-06-23T19:10:42+00:00","twitter_card":"summary_large_image","schema":{"@context":"https:\/\/schema.org","@graph":[{"@type":"WebPage","@id":"https:\/\/usinox.imdigrafic.com\/index.php\/producto\/balanza-digital-60-kg-b-60vapro\/","url":"https:\/\/usinox.imdigrafic.com\/index.php\/producto\/balanza-digital-60-kg-b-60vapro\/","name":"Balanza digital 60 kg. B-60VAPRO - Heart To Heart","isPartOf":{"@id":"https:\/\/usinox.imdigrafic.com\/#website"},"primaryImageOfPage":{"@id":"https:\/\/usinox.imdigrafic.com\/index.php\/producto\/balanza-digital-60-kg-b-60vapro\/#primaryimage"},"image":{"@id":"https:\/\/usinox.imdigrafic.com\/index.php\/producto\/balanza-digital-60-kg-b-60vapro\/#primaryimage"},"thumbnailUrl":"https:\/\/usinox.imdigrafic.com\/wp-content\/uploads\/2025\/06\/Balanza-B60VAPRO.jpg","datePublished":"2025-06-23T19:10:30+00:00","dateModified":"2025-06-23T19:10:42+00:00","breadcrumb":{"@id":"https:\/\/usinox.imdigrafic.com\/index.php\/producto\/balanza-digital-60-kg-b-60vapro\/#breadcrumb"},"inLanguage":"es","potentialAction":[{"@type":"ReadAction","target":["https:\/\/usinox.imdigrafic.com\/index.php\/producto\/balanza-digital-60-kg-b-60vapro\/"]}]},{"@type":"ImageObject","inLanguage":"es","@id":"https:\/\/usinox.imdigrafic.com\/index.php\/producto\/balanza-digital-60-kg-b-60vapro\/#primaryimage","url":"https:\/\/usinox.imdigrafic.com\/wp-content\/uploads\/2025\/06\/Balanza-B60VAPRO.jpg","contentUrl":"https:\/\/usinox.imdigrafic.com\/wp-content\/uploads\/2025\/06\/Balanza-B60VAPRO.jpg","width":326,"height":312},{"@type":"BreadcrumbList","@id":"https:\/\/usinox.imdigrafic.com\/index.php\/producto\/balanza-digital-60-kg-b-60vapro\/#breadcrumb","itemListElement":[{"@type":"ListItem","position":1,"name":"Portada","item":"https:\/\/usinox.imdigrafic.com\/"},{"@type":"ListItem","position":2,"name":"Tienda","item":"https:\/\/usinox.imdigrafic.com\/index.php\/tienda\/"},{"@type":"ListItem","position":3,"name":"Balanza digital 60 kg. B-60VAPRO"}]},{"@type":"WebSite","@id":"https:\/\/usinox.imdigrafic.com\/#website","url":"https:\/\/usinox.imdigrafic.com\/","name":"Heart To Heart","description":"","potentialAction":[{"@type":"SearchAction","target":{"@type":"EntryPoint","urlTemplate":"https:\/\/usinox.imdigrafic.com\/?s={search_term_string}"},"query-input":{"@type":"PropertyValueSpecification","valueRequired":true,"valueName":"search_term_string"}}],"inLanguage":"es"}]}},"_links":{"self":[{"href":"https:\/\/usinox.imdigrafic.com\/index.php\/wp-json\/wp\/v2\/product\/1987","targetHints":{"allow":["GET"]}}],"collection":[{"href":"https:\/\/usinox.imdigrafic.com\/index.php\/wp-json\/wp\/v2\/product"}],"about":[{"href":"https:\/\/usinox.imdigrafic.com\/index.php\/wp-json\/wp\/v2\/types\/product"}],"replies":[{"embeddable":true,"href":"https:\/\/usinox.imdigrafic.com\/index.php\/wp-json\/wp\/v2\/comments?post=1987"}],"version-history":[{"count":1,"href":"https:\/\/usinox.imdigrafic.com\/index.php\/wp-json\/wp\/v2\/product\/1987\/revisions"}],"predecessor-version":[{"id":2044,"href":"https:\/\/usinox.imdigrafic.com\/index.php\/wp-json\/wp\/v2\/product\/1987\/revisions\/2044"}],"wp:featuredmedia":[{"embeddable":true,"href":"https:\/\/usinox.imdigrafic.com\/index.php\/wp-json\/wp\/v2\/media\/2043"}],"wp:attachment":[{"href":"https:\/\/usinox.imdigrafic.com\/index.php\/wp-json\/wp\/v2\/media?parent=1987"}],"wp:term":[{"taxonomy":"product_brand","embeddable":true,"href":"https:\/\/usinox.imdigrafic.com\/index.php\/wp-json\/wp\/v2\/product_brand?post=1987"},{"taxonomy":"product_cat","embeddable":true,"href":"https:\/\/usinox.imdigrafic.com\/index.php\/wp-json\/wp\/v2\/product_cat?post=1987"},{"taxonomy":"product_tag","embeddable":true,"href":"https:\/\/usinox.imdigrafic.com\/index.php\/wp-json\/wp\/v2\/product_tag?post=1987"}],"curies":[{"name":"wp","href":"https:\/\/api.w.org\/{rel}","templated":true}]}}